{"id":65,"date":"2012-10-10T20:22:43","date_gmt":"2012-10-10T20:22:43","guid":{"rendered":"https:\/\/www.doking-razminiranje.hr\/?page_id=65"},"modified":"2021-12-05T11:21:57","modified_gmt":"2021-12-05T11:21:57","slug":"novosti","status":"publish","type":"page","link":"https:\/\/www.doking-razminiranje.hr\/hr\/novosti\/","title":{"rendered":"NOVOSTI"},"content":{"rendered":"<p>NEWS<\/p>\n<p>\u2022 <a title=\"Novosti iz HCR\" href=\"https:\/\/www.hcr.hr\/hr\/index.asp\" target=\"_blank\">Novosti iz Hrvatskog centra za razminiranje (HCR)<\/a><\/p>\n<p>2014.<\/p>\n<p>\u2022 tijekom mjeseca sije\u010dnja 2014. godine zavr\u0161ena je godi\u0161nja provjera sustava upravljanja kvalitetom ISO 9001:2008 i sustava upravljanja za\u0161titom okoli\u0161a ISO 14001:2004<\/p>\n<ul>\n<li>\u00a0<span style=\"text-decoration: underline;\">12.12.2013. Rezultati natje\u010daja \u00a0Svjetske banke u BiH<\/span><\/li>\n<\/ul>\n<p><strong>\u00a0&#8220;Demining of the right bank of the Sava river in Bosnia and Herzegovina through technical survey and clearance, and removal of two bombs from the Sava Riverbed&#8221;<\/strong><\/p>\n<p>dobili smo \u00a0dva projekta oznaka:<br \/>\nBA-SWRP-TF526-ICB-W 13-03 &#8211; Lot 1: Gradi\u0161ka, povr\u0161ine 1.137.906 m2<br \/>\nBA-SWRP-TF526-ICB-W 13-03 &#8211; Lot 4: Jedna &#8211; Domaljevac &#8211; Ora\u0161je-Br\u010dko, povr\u0161ine 863.660 m2<\/p>\n<p>&nbsp;<\/p>\n<p><strong><a title=\"Klapa Iskon\" href=\"https:\/\/www.youtube.com\/watch?v=_P4ZxC_oKeE&amp;feature=related\">\u00a0<\/a><\/strong><\/p>\n<p><!-- START OF MONDOPRESS.COM WIDGET --><\/p>\n<hr \/>\n<p><!-- START OF MONDOPRESS.COM WIDGET --> <!-- div.mondopressStory {font-family: Arial, Helvetica, sans-serif; text-align: left; padding-top: 10px; background-color: rgb(255, 255, 255); text-decoration: none;} .mondopressTitle {font-size: 16px; font-weight: bold; font-style: normal;} a.mondopressTitle:link {color: rgb(0, 51, 102); text-decoration: underline;} a.mondopressTitle:active {color: rgb(0, 51, 102); text-decoration: underline;} a.mondopressTitle:visited {color: rgb(0, 51, 102); text-decoration: underline;} .mondopressSource {font-size: 12px; color: rgb(105, 105, 105); font-weight: bold; font-style: normal;} .mondopressTime {font-size: 12px; color: rgb(51, 51, 51); font-weight: bold; font-style: normal;} .mondopressSummary {font-size: 12px; color: rgb(51, 51, 51); font-weight: normal; font-style: normal;} .mondopressTitles {font-size: 12px; color: rgb(105, 105, 105); font-weight: normal; font-style: normal;} a.mondopressTitles:link {color: rgb(0, 51, 102); text-decoration: underline;} a.mondopressTitles:active {color: rgb(0, 51, 102); text-decoration: underline;} a.mondopressTitles:visited {color: rgb(0, 51, 102); text-decoration: underline;} .mondopressSources {font-size: 12px; color: rgb(51, 51, 51); font-weight: normal; font-style: normal;} a.mondopressSources:link {color: rgb(204, 0, 0); text-decoration: underline;} a.mondopressSources:active {color: rgb(204, 0, 0); text-decoration: underline;} a.mondopressSources:visited {color: rgb(204, 0, 0); text-decoration: underline;} .mondopressRelated {font-size: 12px; font-weight: bold; font-style: normal;} a.mondopressRelated:link {color: rgb(204, 0, 0); text-decoration: underline;} a.mondopressRelated:active {color: rgb(204, 0, 0); text-decoration: underline;} a.mondopressRelated:visited {color: rgb(204, 0, 0); text-decoration: underline;} .mondopressCaption {font-size: 10px; font-weight: normal; font-style: normal;} a.mondopressCaption:link {color: rgb(0, 51, 102); text-decoration: underline;} a.mondopressCaption:active {color: rgb(0, 51, 102); text-decoration: underline;} a.mondopressCaption:visited {color: rgb(0, 51, 102); text-decoration: underline;} --><br \/>\n<script type=\"text\/javascript\" src=\"https:\/\/www.mondopress.com\/widgets\/custom.php?query=razminiranje&amp;limit=5&amp;image=left&amp;target=blank&amp;fields=111\"><\/script><\/p>\n<p><noscript>&lt;div style=&#8221;padding:10px;text-align:center;&#8221;&gt;&lt;a href=&#8221;https:\/\/www.mondopress.com\/search.php?query=razminiranje&#8221;&gt;NAJNOVIJE VIJESTI&lt;br \/&gt;&lt;img src=&#8221;https:\/\/www.mondopress.com\/global\/img\/byMondopress.gif&#8221; alt=&#8221;MondoPress&#8221; border=&#8221;no&#8221;&gt;&lt;\/a&gt;&lt;\/div&gt; &lt;p&gt;<\/noscript><!-- END OF MONDOPRESS.COM WIDGET --><\/p>\n","protected":false},"excerpt":{"rendered":"<p>NEWS \u2022 Novosti iz Hrvatskog centra za razminiranje (HCR) 2014. \u2022 tijekom mjeseca sije\u010dnja 2014. godine zavr\u0161ena je godi\u0161nja provjera sustava upravljanja kvalitetom ISO 9001:2008 i sustava upravljanja za\u0161titom okoli\u0161a ISO 14001:2004 \u00a012.12.2013. Rezultati natje\u010daja \u00a0Svjetske banke u BiH \u00a0&#8220;Demining of the right bank of the Sava river in Bosnia and Herzegovina through technical survey [&hellip;]<\/p>\n","protected":false},"author":1,"featured_media":0,"parent":0,"menu_order":88,"comment_status":"open","ping_status":"open","template":"","meta":[],"_links":{"self":[{"href":"https:\/\/www.doking-razminiranje.hr\/hr\/wp-json\/wp\/v2\/pages\/65"}],"collection":[{"href":"https:\/\/www.doking-razminiranje.hr\/hr\/wp-json\/wp\/v2\/pages"}],"about":[{"href":"https:\/\/www.doking-razminiranje.hr\/hr\/wp-json\/wp\/v2\/types\/page"}],"author":[{"embeddable":true,"href":"https:\/\/www.doking-razminiranje.hr\/hr\/wp-json\/wp\/v2\/users\/1"}],"replies":[{"embeddable":true,"href":"https:\/\/www.doking-razminiranje.hr\/hr\/wp-json\/wp\/v2\/comments?post=65"}],"version-history":[{"count":18,"href":"https:\/\/www.doking-razminiranje.hr\/hr\/wp-json\/wp\/v2\/pages\/65\/revisions"}],"predecessor-version":[{"id":404,"href":"https:\/\/www.doking-razminiranje.hr\/hr\/wp-json\/wp\/v2\/pages\/65\/revisions\/404"}],"wp:attachment":[{"href":"https:\/\/www.doking-razminiranje.hr\/hr\/wp-json\/wp\/v2\/media?parent=65"}],"curies":[{"name":"wp","href":"https:\/\/api.w.org\/{rel}","templated":true}]}}