{"id":61,"date":"2012-10-10T20:19:51","date_gmt":"2012-10-10T20:19:51","guid":{"rendered":"https:\/\/www.doking-razminiranje.hr\/?page_id=61"},"modified":"2021-05-14T12:18:01","modified_gmt":"2021-05-14T12:18:01","slug":"kontakti","status":"publish","type":"page","link":"https:\/\/www.doking-razminiranje.hr\/hr\/kontakti\/","title":{"rendered":"KONTAKTI"},"content":{"rendered":"<p>\u010clanovi Uprave dru\u0161tva:<\/p>\n<p><strong>Igor Pavlovi\u0107<\/strong><\/p>\n<p>Direktor-\u00a0sektora za komercijalne poslove<\/p>\n<p>telefon: +385 1 2481 319<\/p>\n<p>e-mail: <span style=\"text-decoration: underline;\"><strong>:<a href=\"mailto: d.trut@uxor.hr\">\u00a0i.pavlovic@uxor.hr<\/a><\/strong><\/span><\/p>\n<p>&nbsp;<\/p>\n<p><strong>Janko Gogolja<\/strong><\/p>\n<p>Predsjednik Nadzornog odbora<\/p>\n<p>e-mail: <span style=\"text-decoration: underline;\"><strong>:<a href=\"mailto: j.gogolja@uxor.hr\"> j.gogolja@uxor.hr<\/a><\/strong><\/span><\/p>\n<p>&nbsp;<\/p>\n<p>Adresa:<\/p>\n<p><strong>DOK-ING RAZMINIRANJE d.o.o.<\/strong>\u00a0za razminiranje<\/p>\n<p>Selska cesta 90 b<\/p>\n<p>10000 Zagreb, Croatia<\/p>\n<p>telefon: 01\/ 2481 334<\/p>\n<p>fax: 01\/ 2481 365<\/p>\n<p>e-mail: <span style=\"text-decoration: underline;\"><strong>:<a href=\"mailto: info@uxor.hr\"> info@uxor.hr<\/a><\/strong><\/span><\/p>\n<p>________________________________________<\/p>\n<p>OIB 82152372584<\/p>\n<p>EORI HR82152372584<\/p>\n<p>MB 1418483<\/p>\n<p>MBS 080265501 Tvrtka upisana u sudskom registaru na Trgova\u010dkom sudu u Zagrebu<\/p>\n<p>IBAN: HR8323400091110530395, Privredna banka Zagreb, Zagreb<\/p>\n<p>Temeljni kapital: 392.000,00 kn, upla\u0107en u cijelosti;<\/p>\n<p>&nbsp;<\/p>\n<p>&nbsp;<\/p>\n","protected":false},"excerpt":{"rendered":"<p>\u010clanovi Uprave dru\u0161tva: Igor Pavlovi\u0107 Direktor-\u00a0sektora za komercijalne poslove telefon: +385 1 2481 319 e-mail: :\u00a0i.pavlovic@uxor.hr &nbsp; Janko Gogolja Predsjednik Nadzornog odbora e-mail: : j.gogolja@uxor.hr &nbsp; Adresa: DOK-ING RAZMINIRANJE d.o.o.\u00a0za razminiranje Selska cesta 90 b 10000 Zagreb, Croatia telefon: 01\/ 2481 334 fax: 01\/ 2481 365 e-mail: : info@uxor.hr ________________________________________ OIB 82152372584 EORI HR82152372584 MB [&hellip;]<\/p>\n","protected":false},"author":1,"featured_media":0,"parent":0,"menu_order":77,"comment_status":"open","ping_status":"open","template":"","meta":[],"_links":{"self":[{"href":"https:\/\/www.doking-razminiranje.hr\/hr\/wp-json\/wp\/v2\/pages\/61"}],"collection":[{"href":"https:\/\/www.doking-razminiranje.hr\/hr\/wp-json\/wp\/v2\/pages"}],"about":[{"href":"https:\/\/www.doking-razminiranje.hr\/hr\/wp-json\/wp\/v2\/types\/page"}],"author":[{"embeddable":true,"href":"https:\/\/www.doking-razminiranje.hr\/hr\/wp-json\/wp\/v2\/users\/1"}],"replies":[{"embeddable":true,"href":"https:\/\/www.doking-razminiranje.hr\/hr\/wp-json\/wp\/v2\/comments?post=61"}],"version-history":[{"count":26,"href":"https:\/\/www.doking-razminiranje.hr\/hr\/wp-json\/wp\/v2\/pages\/61\/revisions"}],"predecessor-version":[{"id":396,"href":"https:\/\/www.doking-razminiranje.hr\/hr\/wp-json\/wp\/v2\/pages\/61\/revisions\/396"}],"wp:attachment":[{"href":"https:\/\/www.doking-razminiranje.hr\/hr\/wp-json\/wp\/v2\/media?parent=61"}],"curies":[{"name":"wp","href":"https:\/\/api.w.org\/{rel}","templated":true}]}}