{"id":53,"date":"2012-10-10T20:04:46","date_gmt":"2012-10-10T20:04:46","guid":{"rendered":"https:\/\/www.doking-razminiranje.hr\/?page_id=53"},"modified":"2021-12-05T11:14:25","modified_gmt":"2021-12-05T11:14:25","slug":"achievements-areas","status":"publish","type":"page","link":"https:\/\/www.doking-razminiranje.hr\/hr\/dok-ing-razminiranje-d-o-o\/achievements-areas\/","title":{"rendered":"Projekti"},"content":{"rendered":"<h1>\u00a0Ostvareni u\u010dinci i podru\u010dja rada<\/h1>\n<h1><span style=\"text-decoration: underline;\"><span style=\"font-size: medium;\"><a href=\"https:\/\/www.doking-razminiranje.hr\/wp-content\/uploads\/evidencija-radova-od-2007-do-2014_hrv.pdf\"> 1997 do 2014_hrv<\/a><\/span><\/span><\/h1>\n<p>Do sada je 48.208.694 m2 terena \u00a0razminirano i\/ili pretra\u017eeno i pri tome je \u00a0125.283 komada mina i razli\u010ditih vrsta NUS uni\u0161teno u Hrvatskoj i regiji.<\/p>\n<p>Osim u \u00a0Hrvatskoj \u00a0DOK-ING RAZMINIRANJE d.o.o \u00a0je u\u010destvovao i na projektima \u00a0humanitarnog razminiranja u Ma\u0111arskoj, Gr\u010dkoj i Srbiji te strojnoj pripremi za druge izvoditelje u Sudanu, Azerbejd\u017eanu, Angoli, Libanonu, Srbiji, \u0160ri Lanki i Bosni i Hercegovini.<\/p>\n<p><em>\u00a0<\/em><\/p>\n<p><img class=\"ngg-singlepic ngg-none\" alt=\"image023\" src=\"http:\/\/www.svakodnevne-tehnologije.hr\/doking-razminiranje\/wp-content\/gallery\/osnovno\/image023.jpg\" \/><\/p>\n","protected":false},"excerpt":{"rendered":"<p>\u00a0Ostvareni u\u010dinci i podru\u010dja rada 1997 do 2014_hrv Do sada je 48.208.694 m2 terena \u00a0razminirano i\/ili pretra\u017eeno i pri tome je \u00a0125.283 komada mina i razli\u010ditih vrsta NUS uni\u0161teno u Hrvatskoj i regiji. Osim u \u00a0Hrvatskoj \u00a0DOK-ING RAZMINIRANJE d.o.o \u00a0je u\u010destvovao i na projektima \u00a0humanitarnog razminiranja u Ma\u0111arskoj, Gr\u010dkoj i Srbiji te strojnoj pripremi za [&hellip;]<\/p>\n","protected":false},"author":1,"featured_media":0,"parent":31,"menu_order":33,"comment_status":"open","ping_status":"open","template":"","meta":[],"_links":{"self":[{"href":"https:\/\/www.doking-razminiranje.hr\/hr\/wp-json\/wp\/v2\/pages\/53"}],"collection":[{"href":"https:\/\/www.doking-razminiranje.hr\/hr\/wp-json\/wp\/v2\/pages"}],"about":[{"href":"https:\/\/www.doking-razminiranje.hr\/hr\/wp-json\/wp\/v2\/types\/page"}],"author":[{"embeddable":true,"href":"https:\/\/www.doking-razminiranje.hr\/hr\/wp-json\/wp\/v2\/users\/1"}],"replies":[{"embeddable":true,"href":"https:\/\/www.doking-razminiranje.hr\/hr\/wp-json\/wp\/v2\/comments?post=53"}],"version-history":[{"count":18,"href":"https:\/\/www.doking-razminiranje.hr\/hr\/wp-json\/wp\/v2\/pages\/53\/revisions"}],"predecessor-version":[{"id":401,"href":"https:\/\/www.doking-razminiranje.hr\/hr\/wp-json\/wp\/v2\/pages\/53\/revisions\/401"}],"up":[{"embeddable":true,"href":"https:\/\/www.doking-razminiranje.hr\/hr\/wp-json\/wp\/v2\/pages\/31"}],"wp:attachment":[{"href":"https:\/\/www.doking-razminiranje.hr\/hr\/wp-json\/wp\/v2\/media?parent=53"}],"curies":[{"name":"wp","href":"https:\/\/api.w.org\/{rel}","templated":true}]}}