{"id":50,"date":"2012-10-10T20:03:42","date_gmt":"2012-10-10T20:03:42","guid":{"rendered":"https:\/\/www.doking-razminiranje.hr\/?page_id=50"},"modified":"2021-12-05T11:15:31","modified_gmt":"2021-12-05T11:15:31","slug":"methods-procedures","status":"publish","type":"page","link":"https:\/\/www.doking-razminiranje.hr\/hr\/dok-ing-razminiranje-d-o-o\/methods-procedures\/","title":{"rendered":"Metode i procedure razminiranja"},"content":{"rendered":"<p>Metode i procedure razminiranja i\/ili pretra\u017eivanja i uklanjanja kazetnog streljiva<\/p>\n<p>DOK-ING RAZMINIRANJE d.o.o ima kompletan sustav za obavljanje poslova humanitarnog razminiranja, koji se sastoji od \u010detiri elementa: mehani\u010dkih sustava za razminiranje, ru\u010dne primarne metode, EOD i pasa za otkrivanje MES-a i NUS-a \u00a0te \u00a0kombinaciju navedenih metoda.<\/p>\n<p>DOK-ING RAZMINIRANJE d.o.o je ospsobljen i za poslove delaboracije i uni\u0161tavanja MES-a i NUS-a za \u0161to raspola\u017ee sa vlastitom specijalisti\u010dkom opremom i visoko kvalificiranim i iskusnim pirotehni\u010darima.<\/p>\n<p>DOK-ING RAZMINIRANJE d.o.o djeluje strogo u skladu sa Me\u0111unarodnim standardima (IMAS) i Zakona o humanitarnom razminiranju (HR), koji zahtijevaju odgovaraju\u0107e, \u00a0u\u010dinkovite i sigurne postupke.<\/p>\n<p>Zato se u ve\u0107ini slu\u010dajeva DOK-ING RAZMINIRANJE d.o.o \u00a0 koristi strojnu pripremu kao prvu metodu a potom ru\u010dnu metodu ili psima za otkrivanje MES i NUS kao drugu metodu. Treba naglasiti da je takav postupak pretra\u017eivanja i\/ili razminiranja sigurniji za pirotehni\u010dara a potom \u00a0je br\u017ee, jeftinije i za samu tvrtku.<\/p>\n<table border=\"0\" cellspacing=\"3\" cellpadding=\"3\">\n<tbody>\n<tr>\n<td><img loading=\"lazy\" title=\"image024\" alt=\"\" src=\"https:\/\/www.svakodnevne-tehnologije.hr\/doking-razminiranje\/wp-content\/uploads\/image0241.jpg\" width=\"194\" height=\"146\" \/><\/td>\n<td><img loading=\"lazy\" title=\"image025\" alt=\"\" src=\"https:\/\/www.svakodnevne-tehnologije.hr\/doking-razminiranje\/wp-content\/uploads\/image0251.gif\" width=\"217\" height=\"148\" \/><\/td>\n<td><img loading=\"lazy\" title=\"image026\" alt=\"\" src=\"https:\/\/www.svakodnevne-tehnologije.hr\/doking-razminiranje\/wp-content\/uploads\/image0261.jpg\" width=\"176\" height=\"149\" \/><\/td>\n<\/tr>\n<tr>\n<td><em>\u00a0 \u00a0 \u00a0 \u00a0 \u00a0 \u00a0 \u00a0 \u00a0 PRIJE<\/em><\/td>\n<td><em>\u00a0 \u00a0 \u00a0 \u00a0 \u00a0 \u00a0 \u00a0 \u00a0 \u00a0 \u00a0U tijeku<\/em><\/td>\n<td><em>\u00a0 \u00a0 \u00a0 \u00a0 \u00a0 \u00a0 \u00a0 \u00a0 \u00a0 \u00a0Poslije<\/em><\/td>\n<\/tr>\n<\/tbody>\n<\/table>\n<table border=\"0\" cellspacing=\"3\" cellpadding=\"3\">\n<tbody>\n<tr>\n<td><img loading=\"lazy\" title=\"image027\" alt=\"\" src=\"https:\/\/www.svakodnevne-tehnologije.hr\/doking-razminiranje\/wp-content\/uploads\/image027.jpg\" width=\"194\" height=\"139\" \/><\/td>\n<td><img loading=\"lazy\" title=\"image028\" alt=\"\" src=\"https:\/\/www.svakodnevne-tehnologije.hr\/doking-razminiranje\/wp-content\/uploads\/image028.jpg\" width=\"222\" height=\"141\" \/><\/td>\n<td><img loading=\"lazy\" title=\"image029\" alt=\"\" src=\"https:\/\/www.svakodnevne-tehnologije.hr\/doking-razminiranje\/wp-content\/uploads\/image029.jpg\" width=\"170\" height=\"142\" \/><\/td>\n<\/tr>\n<tr>\n<td><em>\u00a0 \u00a0 \u00a0 \u00a0 \u00a0 \u00a0 \u00a0 Prije<\/em><\/td>\n<td><em>\u00a0 \u00a0 \u00a0 \u00a0 \u00a0 \u00a0 \u00a0 \u00a0 \u00a0 \u00a0 \u00a0U tijeku<\/em><\/td>\n<td><em>\u00a0 \u00a0 \u00a0 \u00a0 \u00a0 \u00a0 \u00a0 \u00a0Poslije<\/em><\/td>\n<\/tr>\n<\/tbody>\n<\/table>\n<p>DOK-ING RAZMINIRANJE d.o.o \u00a0s ponosom isti\u010de \u00a0da nikada nije bio niti jedan minski incident u bilo kojem podru\u010dju kori\u0161tenjem ove metodologije.<\/p>\n","protected":false},"excerpt":{"rendered":"<p>Metode i procedure razminiranja i\/ili pretra\u017eivanja i uklanjanja kazetnog streljiva DOK-ING RAZMINIRANJE d.o.o ima kompletan sustav za obavljanje poslova humanitarnog razminiranja, koji se sastoji od \u010detiri elementa: mehani\u010dkih sustava za razminiranje, ru\u010dne primarne metode, EOD i pasa za otkrivanje MES-a i NUS-a \u00a0te \u00a0kombinaciju navedenih metoda. DOK-ING RAZMINIRANJE d.o.o je ospsobljen i za poslove delaboracije [&hellip;]<\/p>\n","protected":false},"author":1,"featured_media":0,"parent":31,"menu_order":44,"comment_status":"open","ping_status":"open","template":"","meta":[],"_links":{"self":[{"href":"https:\/\/www.doking-razminiranje.hr\/hr\/wp-json\/wp\/v2\/pages\/50"}],"collection":[{"href":"https:\/\/www.doking-razminiranje.hr\/hr\/wp-json\/wp\/v2\/pages"}],"about":[{"href":"https:\/\/www.doking-razminiranje.hr\/hr\/wp-json\/wp\/v2\/types\/page"}],"author":[{"embeddable":true,"href":"https:\/\/www.doking-razminiranje.hr\/hr\/wp-json\/wp\/v2\/users\/1"}],"replies":[{"embeddable":true,"href":"https:\/\/www.doking-razminiranje.hr\/hr\/wp-json\/wp\/v2\/comments?post=50"}],"version-history":[{"count":10,"href":"https:\/\/www.doking-razminiranje.hr\/hr\/wp-json\/wp\/v2\/pages\/50\/revisions"}],"predecessor-version":[{"id":402,"href":"https:\/\/www.doking-razminiranje.hr\/hr\/wp-json\/wp\/v2\/pages\/50\/revisions\/402"}],"up":[{"embeddable":true,"href":"https:\/\/www.doking-razminiranje.hr\/hr\/wp-json\/wp\/v2\/pages\/31"}],"wp:attachment":[{"href":"https:\/\/www.doking-razminiranje.hr\/hr\/wp-json\/wp\/v2\/media?parent=50"}],"curies":[{"name":"wp","href":"https:\/\/api.w.org\/{rel}","templated":true}]}}