{"id":31,"date":"2012-10-10T18:29:55","date_gmt":"2012-10-10T18:29:55","guid":{"rendered":"https:\/\/www.doking-razminiranje.hr\/?page_id=31"},"modified":"2021-12-05T11:13:34","modified_gmt":"2021-12-05T11:13:34","slug":"dok-ing-razminiranje-d-o-o","status":"publish","type":"page","link":"https:\/\/www.doking-razminiranje.hr\/hr\/dok-ing-razminiranje-d-o-o\/","title":{"rendered":"DOK-ING Razminiranje d.o.o."},"content":{"rendered":"<p><img loading=\"lazy\" class=\"alignleft wp-image-318\" style=\"margin: 12px;\" src=\"https:\/\/www.doking-razminiranje.hr\/wp-content\/uploads\/MARASKA-PMA-2-150x150.jpg\" alt=\"\" width=\"250\" height=\"250\" \/>DOK &#8211; ING RAZMINIRANJE d.o.o \u00a0je tvrtka u privatnom vlasni\u0161tvu ,vlasnik i osniva\u010d UXOR grupa d.o.o , osnovana prema zakonima i propisima Republike Hrvatske sa \u00a0sjedi\u0161tem i glavnim uredom u Zagrebu.<\/p>\n<p><a title=\"DOK-ING d.o.o.\" href=\"https:\/\/www.dok-ing.hr\" target=\"_blank\" rel=\"noopener\">DOK &#8211; ING d.o.o <\/a>, vlasnika Vjekoslav Majeti\u0107 , osnovana je krajem 1991 i registrirana za proizvodnju robota i opreme za posebne namjene . Uz po\u010detak humanitarnog razminiranja i protuminskog djelovanja u Republici Hrvatskoj od 1996 DOK &#8211; ING d.o.o je me\u0111u prvim komercijalnim tvrtkama za po\u010detak razvoja ljudskih i mehani\u010dkih kapaciteta za pru\u017eanje usluge uklanjanja minskih polja i neeksplodiranih ubojnih sredstava u Hrvatskoj .<\/p>\n<p>Tijekom tog razdoblja DOK &#8211; ING razminiranje d.o.o. postojala kao poslovni DOK- ING d.o.o sa vlastitim upravljanjem , opremom i pirotehni\u010darima .<\/p>\n<p>Nakon pove\u0107anja proizvodnje i poslova razminiranja u 2004 DOK &#8211; ING razminiranje d.o.o. je postao zasebna pravna osoba . Danas su to dvije najve\u0107e tvrtke u regiji u podru\u010dju proizvodnje strojeva za razminiranje i obavljanja poslova humanitarnog razminiranja .<\/p>\n<p>Od 2011 . \u00a0tvrtka je u vlasni\u0161tvu UXOR GROUP d.o.o , u privatnom vlasni\u0161tvu , s pro\u0161irenim popisom novih djelatnosti i postavljenim ciljevima kako bi pro\u0161irili opseg svog poslovanja u Hrvatskoj i EU .<\/p>\n<p><!--:--><\/p>\n<p>&nbsp;<\/p>\n","protected":false},"excerpt":{"rendered":"<p>DOK &#8211; ING RAZMINIRANJE d.o.o \u00a0je tvrtka u privatnom vlasni\u0161tvu ,vlasnik i osniva\u010d UXOR grupa d.o.o , osnovana prema zakonima i propisima Republike Hrvatske sa \u00a0sjedi\u0161tem i glavnim uredom u Zagrebu. DOK &#8211; ING d.o.o , vlasnika Vjekoslav Majeti\u0107 , osnovana je krajem 1991 i registrirana za proizvodnju robota i opreme za posebne namjene . [&hellip;]<\/p>\n","protected":false},"author":1,"featured_media":251,"parent":0,"menu_order":11,"comment_status":"open","ping_status":"open","template":"","meta":[],"_links":{"self":[{"href":"https:\/\/www.doking-razminiranje.hr\/hr\/wp-json\/wp\/v2\/pages\/31"}],"collection":[{"href":"https:\/\/www.doking-razminiranje.hr\/hr\/wp-json\/wp\/v2\/pages"}],"about":[{"href":"https:\/\/www.doking-razminiranje.hr\/hr\/wp-json\/wp\/v2\/types\/page"}],"author":[{"embeddable":true,"href":"https:\/\/www.doking-razminiranje.hr\/hr\/wp-json\/wp\/v2\/users\/1"}],"replies":[{"embeddable":true,"href":"https:\/\/www.doking-razminiranje.hr\/hr\/wp-json\/wp\/v2\/comments?post=31"}],"version-history":[{"count":24,"href":"https:\/\/www.doking-razminiranje.hr\/hr\/wp-json\/wp\/v2\/pages\/31\/revisions"}],"predecessor-version":[{"id":369,"href":"https:\/\/www.doking-razminiranje.hr\/hr\/wp-json\/wp\/v2\/pages\/31\/revisions\/369"}],"wp:featuredmedia":[{"embeddable":true,"href":"https:\/\/www.doking-razminiranje.hr\/hr\/wp-json\/wp\/v2\/media\/251"}],"wp:attachment":[{"href":"https:\/\/www.doking-razminiranje.hr\/hr\/wp-json\/wp\/v2\/media?parent=31"}],"curies":[{"name":"wp","href":"https:\/\/api.w.org\/{rel}","templated":true}]}}