{"id":240,"date":"2013-12-07T23:32:54","date_gmt":"2013-12-07T23:32:54","guid":{"rendered":"https:\/\/www.doking-razminiranje.hr\/?page_id=240"},"modified":"2020-12-05T20:48:08","modified_gmt":"2020-12-05T20:48:08","slug":"gallery","status":"publish","type":"page","link":"https:\/\/www.doking-razminiranje.hr\/hr\/gallery\/","title":{"rendered":"GALERIJA"},"content":{"rendered":"<p><a href=\"https:\/\/www.doking-razminiranje.hr\/wp-content\/uploads\/Murvica-Zadar-064.jpg\"><img loading=\"lazy\" class=\"aligncenter\" style=\"margin: 1px; border: 1px solid black;\" src=\"https:\/\/www.doking-razminiranje.hr\/wp-content\/uploads\/Murvica-Zadar-064-150x150.jpg\" alt=\"\" width=\"100\" height=\"100\" \/><\/a><\/p>\n<p><span style=\"font-size: medium;\"><a href=\"http:\/\/www.imagebam.com\/gallery\/g52biya544ilvf59g6bust7gyjkjwhtd\">Razminiranje u Hrvatskoj<\/a><\/span><\/p>\n<p>&nbsp;<\/p>\n<p><a href=\"https:\/\/www.doking-razminiranje.hr\/wp-content\/uploads\/WP_000933.jpg\"><img loading=\"lazy\" class=\"aligncenter\" style=\"margin: 1px; border: 1px solid black;\" src=\"https:\/\/www.doking-razminiranje.hr\/wp-content\/uploads\/WP_000933-150x150.jpg\" alt=\"\" width=\"100\" height=\"100\" \/><\/a> <span style=\"font-size: medium;\"><a href=\"http:\/\/www.imagebam.com\/gallery\/38pcin3xqnthefwrglorghewp71ps71w\">Razminiranje granice HU_HR<\/a><\/span><\/p>\n<p>&nbsp;<\/p>\n<p><a href=\"https:\/\/www.doking-razminiranje.hr\/wp-content\/uploads\/radna-staza-Kopaonik.jpg\"><img loading=\"lazy\" class=\"aligncenter\" style=\"border: 1px solid black; margin: 1px;\" src=\"https:\/\/www.doking-razminiranje.hr\/wp-content\/uploads\/radna-staza-Kopaonik-150x150.jpg\" alt=\"Demining in Serbia\" width=\"100\" height=\"100\" \/><\/a><span style=\"font-size: medium;\"><a title=\"Razminiranje i \u0107i\u0161\u0107enje kazetnog streljiva u Srbiji\" href=\"http:\/\/www.imagebam.com\/gallery\/v374gk7pz9b7mujt4ew3qcjttqckkc9f\" target=\"_blank\" rel=\"noopener\">Razminiranje MES i NUS i \u010di\u0161\u0107enje kazetnog streljiva u Republici Srbiji<\/a><\/span><\/p>\n<p>&nbsp;<\/p>\n<p><a href=\"https:\/\/www.doking-razminiranje.hr\/wp-content\/uploads\/MV-4-Vransko-polje.jpg\"><img loading=\"lazy\" class=\"aligncenter\" style=\"border: 1px solid black; margin: 1px;\" src=\"https:\/\/www.doking-razminiranje.hr\/wp-content\/uploads\/MV-4-Vransko-polje-150x150.jpg\" alt=\"\" width=\"100\" height=\"100\" \/><\/a> <a title=\"MV 4\" href=\"http:\/\/www.youtube.com\/watch?v=ce4d0yetIs8\" target=\"_blank\" rel=\"noopener\">MV 4<\/a><\/p>\n<p>&nbsp;<\/p>\n<p><a href=\"https:\/\/www.doking-razminiranje.hr\/wp-content\/uploads\/MV-10-Biljska-cesta.jpg\" target=\"_blank\" rel=\"noopener\"><img loading=\"lazy\" class=\"aligncenter\" style=\"border: 1px solid black; margin: 1px;\" src=\"https:\/\/www.doking-razminiranje.hr\/wp-content\/uploads\/MV-10-Biljska-cesta-150x150.jpg\" alt=\"\" width=\"100\" height=\"100\" \/><\/a><a title=\"MV 10\" href=\"http:\/\/www.youtube.com\/watch?v=MrZ9kcQbPoA\" target=\"_blank\" rel=\"noopener\">MV-10<\/a><\/p>\n<p><span style=\"text-decoration: underline;\"><strong>\u00a0<\/strong><\/span><strong> \u00a0 \u00a0 \u00a0<\/strong><a href=\"https:\/\/www.doking-razminiranje.hr\/wp-content\/uploads\/ScanJack-3500-Biljska-cesta.jpg\"><img loading=\"lazy\" class=\"wp-image-321 aligncenter\" style=\"border: 1px solid black; margin: 1px;\" src=\"https:\/\/www.doking-razminiranje.hr\/wp-content\/uploads\/ScanJack-3500-Biljska-cesta-150x150.jpg\" alt=\"\" width=\"100\" height=\"100\" \/><\/a><\/p>\n<p><strong><a title=\"ScanJack 3500\" href=\"http:\/\/www.youtube.com\/watch?v=A1Nt5BWcSPg\" target=\"_blank\" rel=\"noopener\">ScanJack 3500<\/a><\/strong><\/p>\n","protected":false},"excerpt":{"rendered":"<p>Razminiranje u Hrvatskoj &nbsp; Razminiranje granice HU_HR &nbsp; Razminiranje MES i NUS i \u010di\u0161\u0107enje kazetnog streljiva u Republici Srbiji &nbsp; MV 4 &nbsp; MV-10 \u00a0 \u00a0 \u00a0 \u00a0 ScanJack 3500<\/p>\n","protected":false},"author":2,"featured_media":0,"parent":0,"menu_order":66,"comment_status":"open","ping_status":"open","template":"","meta":[],"_links":{"self":[{"href":"https:\/\/www.doking-razminiranje.hr\/hr\/wp-json\/wp\/v2\/pages\/240"}],"collection":[{"href":"https:\/\/www.doking-razminiranje.hr\/hr\/wp-json\/wp\/v2\/pages"}],"about":[{"href":"https:\/\/www.doking-razminiranje.hr\/hr\/wp-json\/wp\/v2\/types\/page"}],"author":[{"embeddable":true,"href":"https:\/\/www.doking-razminiranje.hr\/hr\/wp-json\/wp\/v2\/users\/2"}],"replies":[{"embeddable":true,"href":"https:\/\/www.doking-razminiranje.hr\/hr\/wp-json\/wp\/v2\/comments?post=240"}],"version-history":[{"count":35,"href":"https:\/\/www.doking-razminiranje.hr\/hr\/wp-json\/wp\/v2\/pages\/240\/revisions"}],"predecessor-version":[{"id":386,"href":"https:\/\/www.doking-razminiranje.hr\/hr\/wp-json\/wp\/v2\/pages\/240\/revisions\/386"}],"wp:attachment":[{"href":"https:\/\/www.doking-razminiranje.hr\/hr\/wp-json\/wp\/v2\/media?parent=240"}],"curies":[{"name":"wp","href":"https:\/\/api.w.org\/{rel}","templated":true}]}}