{"id":205,"date":"2013-12-06T12:47:41","date_gmt":"2013-12-06T12:47:41","guid":{"rendered":"https:\/\/www.doking-razminiranje.hr\/?page_id=205"},"modified":"2021-12-05T11:22:52","modified_gmt":"2021-12-05T11:22:52","slug":"quality-policy","status":"publish","type":"page","link":"https:\/\/www.doking-razminiranje.hr\/hr\/dok-ing-razminiranje-d-o-o\/quality-policy\/","title":{"rendered":"Politika kvalitete"},"content":{"rendered":"<p>Uprava tvrtke DOK-ING RAZMINIRANJE d.o.o. izjavljuje da je usvojena politika upravljanja kvalitetom ISO 9001:2008 (<a href=\"https:\/\/www.doking-razminiranje.hr\/wp-content\/uploads\/ISO-90011.pdf\">PDF<\/a>):<br \/>\n1.Stalno pobolj\u0161anje zadovoljstva kupaca<br \/>\n2.Stalno provo\u0111enje korektnog odnosa s dobavlja\u010dima<br \/>\n3.Stalno pobolj\u0161anje odnosa sa zaposlenicima<br \/>\n4.Stalno pove\u0107anje prihoda po zaposleniku<br \/>\n5.Stalno pobolj\u0161anje kvalitete usluge.<br \/>\nDOK-ing RAZMINIRANJE d.o.o. ima za cilj realizirati poslove pretra\u017eivanja i\/ili razminiranja uz postizanje potpune o\u010di\u0161\u0107enosti prostora radili\u0161ta od MES-a NUS-a i njihovih opasnih dijelova, u skladu sa va\u017ee\u0107im Zakonom o humanitarnom razminiranju i Pravilnikom o na\u010dinu obavljanja poslova humanitarnog razminiranja. Odgovorna osoba na radili\u0161tu (za utvr\u0111ivanje\/ potvr\u0111ivanje kvalitete) je voditelj radili\u0161ta. DOK-ING RAZMINIRANJE d.o.o. poslove pretra\u017eivanja i\/ili razminiranja ne\u0107e zapo\u010deti dok uz radili\u0161te ne osigura sanitetsko osiguranje (lije\u010dnik, medicinski tehni\u010dar, vozilo hitne medicinske pomo\u0107i s voza\u010dem i propisanom medicinskom opremom) i uspostavi neprekidan i neposredan sustav veza, za \u0161to je odgovoran voditelj radili\u0161ta. DOK-ING RAZMINIRANJE d.o.o. za obavljanje poslova pretra\u017eivanja i\/ili razminiranja koristi isklju\u010divo opremu (strojeve za razminiranje i za\u0161titnu opremu) koja je testirana od strane HCR CTRO i ima valjanu ocjenu upotrebljivosti\/sukladnosti, u skladu sa va\u017ee\u0107im Pravilnicima. Internu kontrolu organiziraju voditelji pirotehni\u010dkih skupina i za rad svoje skupine su neposredno odgovorni voditelju radili\u0161ta.<br \/>\n________________________________________<br \/>\nPOLITIKA ZA\u0160TITE OKOLI\u0160A ISO 14001:2004 (<a href=\"https:\/\/www.doking-razminiranje.hr\/wp-content\/uploads\/ISO-140011.pdf\">PDF<\/a>)<\/p>\n<p>\u201eMisli danas za bolje sutra\u201c<br \/>\nZaposlenici DOK-ING RAZMINIRANJE d.o.o. svjesni su va\u017enosti o\u010duvanja okoli\u0161a.<br \/>\n\u010cist i zdrav okoli\u0161 uvjet je opstanka \u010dovjeka danas i na\u0161ih budu\u0107ih nara\u0161taja.<br \/>\nUspostavljeni i implementirani sustav upravljanja okoli\u0161em ISO 14001:2004 obvezuje nas:<br \/>\n\u2022Po\u0161tivati zakonske propise<br \/>\n\u2022Smanjiti koliko je mogu\u0107e negativan utjecaj na okoli\u0161 i zaga\u0111enja<br \/>\n\u2022Kontinuirano educirati i osvje\u0161\u0107ivati zaposlenike o va\u017enosti o\u010duvanja okoli\u0161a<br \/>\n\u2022Godi\u0161nje procjenjivati svoje aspekte okoli\u0161a, te donositi mjere i programe za pobolj\u0161anje<br \/>\n\u2022Informirati sve zainteresirane partnere o aktivnostima za\u0161tite okoli\u0161a<br \/>\nOvom politikom za\u0161tite okoli\u0161a obvezuju se svi zaposlenici, zajedno sa Upravom dru\u0161tva, sudjelovati u razvoju u\u010dinkovitog sustava upravljanja okoli\u0161em i njegovog stalnog unapre\u0111ivanja radi spre\u010davanja one\u010di\u0161\u0107enja okoli\u0161a.<\/p>\n","protected":false},"excerpt":{"rendered":"<p>Uprava tvrtke DOK-ING RAZMINIRANJE d.o.o. izjavljuje da je usvojena politika upravljanja kvalitetom ISO 9001:2008 (PDF): 1.Stalno pobolj\u0161anje zadovoljstva kupaca 2.Stalno provo\u0111enje korektnog odnosa s dobavlja\u010dima 3.Stalno pobolj\u0161anje odnosa sa zaposlenicima 4.Stalno pove\u0107anje prihoda po zaposleniku 5.Stalno pobolj\u0161anje kvalitete usluge. DOK-ing RAZMINIRANJE d.o.o. ima za cilj realizirati poslove pretra\u017eivanja i\/ili razminiranja uz postizanje potpune o\u010di\u0161\u0107enosti prostora [&hellip;]<\/p>\n","protected":false},"author":2,"featured_media":0,"parent":31,"menu_order":55,"comment_status":"open","ping_status":"open","template":"","meta":[],"_links":{"self":[{"href":"https:\/\/www.doking-razminiranje.hr\/hr\/wp-json\/wp\/v2\/pages\/205"}],"collection":[{"href":"https:\/\/www.doking-razminiranje.hr\/hr\/wp-json\/wp\/v2\/pages"}],"about":[{"href":"https:\/\/www.doking-razminiranje.hr\/hr\/wp-json\/wp\/v2\/types\/page"}],"author":[{"embeddable":true,"href":"https:\/\/www.doking-razminiranje.hr\/hr\/wp-json\/wp\/v2\/users\/2"}],"replies":[{"embeddable":true,"href":"https:\/\/www.doking-razminiranje.hr\/hr\/wp-json\/wp\/v2\/comments?post=205"}],"version-history":[{"count":8,"href":"https:\/\/www.doking-razminiranje.hr\/hr\/wp-json\/wp\/v2\/pages\/205\/revisions"}],"predecessor-version":[{"id":347,"href":"https:\/\/www.doking-razminiranje.hr\/hr\/wp-json\/wp\/v2\/pages\/205\/revisions\/347"}],"up":[{"embeddable":true,"href":"https:\/\/www.doking-razminiranje.hr\/hr\/wp-json\/wp\/v2\/pages\/31"}],"wp:attachment":[{"href":"https:\/\/www.doking-razminiranje.hr\/hr\/wp-json\/wp\/v2\/media?parent=205"}],"curies":[{"name":"wp","href":"https:\/\/api.w.org\/{rel}","templated":true}]}}